{"id":278,"date":"2016-03-05T16:35:20","date_gmt":"2016-03-05T15:35:20","guid":{"rendered":"http:\/\/www.ungaro.com\/fr\/?page_id=278"},"modified":"2020-12-19T13:27:42","modified_gmt":"2020-12-19T12:27:42","slug":"emanuel-ungaro-home-fragrances","status":"publish","type":"page","link":"https:\/\/www.ungaro.com\/fr\/emanuel-ungaro-home-fragrances\/","title":{"rendered":"Emanuel Ungaro Home Fragrances"},"content":{"rendered":"","protected":false},"excerpt":{"rendered":"","protected":false},"author":1,"featured_media":858,"parent":0,"menu_order":0,"comment_status":"closed","ping_status":"closed","template":"template-page-candles.php","meta":[],"yoast_head":"<!-- This site is optimized with the Yoast SEO plugin v20.1 - https:\/\/yoast.com\/wordpress\/plugins\/seo\/ -->\n<title>Emanuel Ungaro Home Fragrances | Emanuel Ungaro<\/title>\n<meta name=\"description\" content=\"La collection Emanuel Ungaro Home Fragrances propose une gamme de savons et parfums d\u2019int\u00e9rieur fabriqu\u00e9s artisanalement selon des m\u00e9thodes traditionnelles\" \/>\n<meta name=\"robots\" content=\"index, follow, max-snippet:-1, max-image-preview:large, max-video-preview:-1\" \/>\n<link rel=\"canonical\" href=\"https:\/\/www.ungaro.com\/fr\/emanuel-ungaro-home-fragrances\/\" \/>\n<meta property=\"og:locale\" content=\"fr_FR\" \/>\n<meta property=\"og:type\" content=\"article\" \/>\n<meta property=\"og:title\" content=\"Emanuel Ungaro Home Fragrances | Emanuel Ungaro\" \/>\n<meta property=\"og:description\" content=\"La collection Emanuel Ungaro Home Fragrances propose une gamme de savons et parfums d\u2019int\u00e9rieur fabriqu\u00e9s artisanalement selon des m\u00e9thodes traditionnelles\" \/>\n<meta property=\"og:url\" content=\"https:\/\/www.ungaro.com\/fr\/emanuel-ungaro-home-fragrances\/\" \/>\n<meta property=\"og:site_name\" content=\"Emanuel Ungaro\" \/>\n<meta property=\"article:publisher\" content=\"https:\/\/www.facebook.com\/EmanuelUngaroParis\" \/>\n<meta property=\"article:modified_time\" content=\"2020-12-19T12:27:42+00:00\" \/>\n<meta property=\"og:image\" content=\"http:\/\/www.ungaro.com\/wp-content\/uploads\/2016\/03\/home-fragr.jpg\" \/>\n<meta name=\"twitter:card\" content=\"summary_large_image\" \/>\n<script type=\"application\/ld+json\" class=\"yoast-schema-graph\">{\"@context\":\"https:\/\/schema.org\",\"@graph\":[{\"@type\":\"WebPage\",\"@id\":\"https:\/\/www.ungaro.com\/fr\/emanuel-ungaro-home-fragrances\/\",\"url\":\"https:\/\/www.ungaro.com\/fr\/emanuel-ungaro-home-fragrances\/\",\"name\":\"Emanuel Ungaro Home Fragrances | Emanuel Ungaro\",\"isPartOf\":{\"@id\":\"https:\/\/www.ungaro.com\/#website\"},\"datePublished\":\"2016-03-05T15:35:20+00:00\",\"dateModified\":\"2020-12-19T12:27:42+00:00\",\"description\":\"La collection Emanuel Ungaro Home Fragrances propose une gamme de savons et parfums d\u2019int\u00e9rieur fabriqu\u00e9s artisanalement selon des m\u00e9thodes traditionnelles\",\"breadcrumb\":{\"@id\":\"https:\/\/www.ungaro.com\/fr\/emanuel-ungaro-home-fragrances\/#breadcrumb\"},\"inLanguage\":\"fr-FR\",\"potentialAction\":[{\"@type\":\"ReadAction\",\"target\":[\"https:\/\/www.ungaro.com\/fr\/emanuel-ungaro-home-fragrances\/\"]}]},{\"@type\":\"BreadcrumbList\",\"@id\":\"https:\/\/www.ungaro.com\/fr\/emanuel-ungaro-home-fragrances\/#breadcrumb\",\"itemListElement\":[{\"@type\":\"ListItem\",\"position\":1,\"name\":\"Accueil\",\"item\":\"https:\/\/www.ungaro.com\/fr\/\"},{\"@type\":\"ListItem\",\"position\":2,\"name\":\"Emanuel Ungaro Home Fragrances\"}]},{\"@type\":\"WebSite\",\"@id\":\"https:\/\/www.ungaro.com\/#website\",\"url\":\"https:\/\/www.ungaro.com\/\",\"name\":\"Emanuel Ungaro\",\"description\":\"Nouveau site de la maison Ungaro\",\"potentialAction\":[{\"@type\":\"SearchAction\",\"target\":{\"@type\":\"EntryPoint\",\"urlTemplate\":\"https:\/\/www.ungaro.com\/?s={search_term_string}\"},\"query-input\":\"required name=search_term_string\"}],\"inLanguage\":\"fr-FR\"}]}<\/script>\n<!-- \/ Yoast SEO plugin. -->","yoast_head_json":{"title":"Emanuel Ungaro Home Fragrances | Emanuel Ungaro","description":"La collection Emanuel Ungaro Home Fragrances propose une gamme de savons et parfums d\u2019int\u00e9rieur fabriqu\u00e9s artisanalement selon des m\u00e9thodes traditionnelles","robots":{"index":"index","follow":"follow","max-snippet":"max-snippet:-1","max-image-preview":"max-image-preview:large","max-video-preview":"max-video-preview:-1"},"canonical":"https:\/\/www.ungaro.com\/fr\/emanuel-ungaro-home-fragrances\/","og_locale":"fr_FR","og_type":"article","og_title":"Emanuel Ungaro Home Fragrances | Emanuel Ungaro","og_description":"La collection Emanuel Ungaro Home Fragrances propose une gamme de savons et parfums d\u2019int\u00e9rieur fabriqu\u00e9s artisanalement selon des m\u00e9thodes traditionnelles","og_url":"https:\/\/www.ungaro.com\/fr\/emanuel-ungaro-home-fragrances\/","og_site_name":"Emanuel Ungaro","article_publisher":"https:\/\/www.facebook.com\/EmanuelUngaroParis","article_modified_time":"2020-12-19T12:27:42+00:00","og_image":[{"url":"http:\/\/www.ungaro.com\/wp-content\/uploads\/2016\/03\/home-fragr.jpg"}],"twitter_card":"summary_large_image","schema":{"@context":"https:\/\/schema.org","@graph":[{"@type":"WebPage","@id":"https:\/\/www.ungaro.com\/fr\/emanuel-ungaro-home-fragrances\/","url":"https:\/\/www.ungaro.com\/fr\/emanuel-ungaro-home-fragrances\/","name":"Emanuel Ungaro Home Fragrances | Emanuel Ungaro","isPartOf":{"@id":"https:\/\/www.ungaro.com\/#website"},"datePublished":"2016-03-05T15:35:20+00:00","dateModified":"2020-12-19T12:27:42+00:00","description":"La collection Emanuel Ungaro Home Fragrances propose une gamme de savons et parfums d\u2019int\u00e9rieur fabriqu\u00e9s artisanalement selon des m\u00e9thodes traditionnelles","breadcrumb":{"@id":"https:\/\/www.ungaro.com\/fr\/emanuel-ungaro-home-fragrances\/#breadcrumb"},"inLanguage":"fr-FR","potentialAction":[{"@type":"ReadAction","target":["https:\/\/www.ungaro.com\/fr\/emanuel-ungaro-home-fragrances\/"]}]},{"@type":"BreadcrumbList","@id":"https:\/\/www.ungaro.com\/fr\/emanuel-ungaro-home-fragrances\/#breadcrumb","itemListElement":[{"@type":"ListItem","position":1,"name":"Accueil","item":"https:\/\/www.ungaro.com\/fr\/"},{"@type":"ListItem","position":2,"name":"Emanuel Ungaro Home Fragrances"}]},{"@type":"WebSite","@id":"https:\/\/www.ungaro.com\/#website","url":"https:\/\/www.ungaro.com\/","name":"Emanuel Ungaro","description":"Nouveau site de la maison Ungaro","potentialAction":[{"@type":"SearchAction","target":{"@type":"EntryPoint","urlTemplate":"https:\/\/www.ungaro.com\/?s={search_term_string}"},"query-input":"required name=search_term_string"}],"inLanguage":"fr-FR"}]}},"_links":{"self":[{"href":"https:\/\/www.ungaro.com\/fr\/wp-json\/wp\/v2\/pages\/278"}],"collection":[{"href":"https:\/\/www.ungaro.com\/fr\/wp-json\/wp\/v2\/pages"}],"about":[{"href":"https:\/\/www.ungaro.com\/fr\/wp-json\/wp\/v2\/types\/page"}],"author":[{"embeddable":true,"href":"https:\/\/www.ungaro.com\/fr\/wp-json\/wp\/v2\/users\/1"}],"replies":[{"embeddable":true,"href":"https:\/\/www.ungaro.com\/fr\/wp-json\/wp\/v2\/comments?post=278"}],"version-history":[{"count":3,"href":"https:\/\/www.ungaro.com\/fr\/wp-json\/wp\/v2\/pages\/278\/revisions"}],"predecessor-version":[{"id":874,"href":"https:\/\/www.ungaro.com\/fr\/wp-json\/wp\/v2\/pages\/278\/revisions\/874"}],"wp:featuredmedia":[{"embeddable":true,"href":"https:\/\/www.ungaro.com\/fr\/wp-json\/wp\/v2\/media\/858"}],"wp:attachment":[{"href":"https:\/\/www.ungaro.com\/fr\/wp-json\/wp\/v2\/media?parent=278"}],"curies":[{"name":"wp","href":"https:\/\/api.w.org\/{rel}","templated":true}]}}